{"id":9560,"date":"2025-09-26T10:27:55","date_gmt":"2025-09-26T13:27:55","guid":{"rendered":"https:\/\/cauim.org\/?page_id=9560"},"modified":"2025-09-26T11:00:47","modified_gmt":"2025-09-26T14:00:47","slug":"projetos-cauim","status":"publish","type":"page","link":"https:\/\/cauim.org\/es\/projetos-cauim\/","title":{"rendered":"Projetos Cauim"},"content":{"rendered":"<div data-elementor-type=\"wp-page\" data-elementor-id=\"9560\" class=\"elementor elementor-9560\" data-elementor-post-type=\"page\">\n\t\t\t\t\t\t<section class=\"elementor-section elementor-top-section elementor-element elementor-element-834b069 elementor-section-boxed elementor-section-height-default elementor-section-height-default\" data-id=\"834b069\" data-element_type=\"section\">\n\t\t\t\t\t\t<div class=\"elementor-container elementor-column-gap-default\">\n\t\t\t\t\t<div class=\"elementor-column elementor-col-100 elementor-top-column elementor-element elementor-element-fa40a1e\" data-id=\"fa40a1e\" data-element_type=\"column\">\n\t\t\t<div class=\"elementor-widget-wrap elementor-element-populated\">\n\t\t\t\t\t\t<div class=\"elementor-element elementor-element-f54aa10 elementor-widget elementor-widget-image\" data-id=\"f54aa10\" data-element_type=\"widget\" data-widget_type=\"image.default\">\n\t\t\t\t<div class=\"elementor-widget-container\">\n\t\t\t\t\t\t\t\t\t\t\t\t\t\t\t<img fetchpriority=\"high\" decoding=\"async\" width=\"1000\" height=\"667\" src=\"https:\/\/cauim.org\/wp-content\/uploads\/2025\/09\/proejtos-1024x683.png\" class=\"attachment-large size-large wp-image-9576\" alt=\"\" srcset=\"https:\/\/cauim.org\/wp-content\/uploads\/2025\/09\/proejtos-1024x683.png 1024w, https:\/\/cauim.org\/wp-content\/uploads\/2025\/09\/proejtos-300x200.png 300w, https:\/\/cauim.org\/wp-content\/uploads\/2025\/09\/proejtos-768x512.png 768w, https:\/\/cauim.org\/wp-content\/uploads\/2025\/09\/proejtos-650x433.png 650w, https:\/\/cauim.org\/wp-content\/uploads\/2025\/09\/proejtos.png 1536w\" sizes=\"(max-width: 1000px) 100vw, 1000px\" \/>\t\t\t\t\t\t\t\t\t\t\t\t\t\t\t<\/div>\n\t\t\t\t<\/div>\n\t\t\t\t<div class=\"elementor-element elementor-element-e08afaa elementor-widget elementor-widget-html\" data-id=\"e08afaa\" data-element_type=\"widget\" data-widget_type=\"html.default\">\n\t\t\t\t<div class=\"elementor-widget-container\">\n\t\t\t\t\t<article>\n\n  <!-- CINEMA & CIDADANIA -->\n  <h2>\ud83c\udfac CINEMA & CIDADANIA<\/h2>\n  <p><strong>ACUERDO DE FINANCIACI\u00d3N N.\u00ba 180\/2025<\/strong><br>\n  Processo: SCEC-PRC-2025-00273-DM<br>\n  Demanda: 84421<br>\n  UGE: 120101<br>\n  Emenda Parlamentar N\u00ba 2025.072.65778<\/p>\n\n  <hr>\n\n  <h3>\ud83d\udcd6 Sobre o Projeto<\/h3>\n  <p>A palavra <em>cidadania<\/em> Proviene del lat\u00edn. <em>civitas<\/em> (cidade).<\/p>\n  <ul>\n    <li><strong>Gr\u00e9cia Antiga:<\/strong> cidad\u00e3o era o nascido em terras gregas.<\/li>\n    <li><strong>Roma Antiga:<\/strong> cidadania indicava a situa\u00e7\u00e3o pol\u00edtica de uma pessoa e os direitos que podia exercer.<\/li>\n    <li><strong>Hoje:<\/strong> cidad\u00e3o \u00e9 o indiv\u00edduo no gozo dos direitos civis e pol\u00edticos de um Estado.<\/li>\n  <\/ul>\n  <p>O projeto <strong>Cinema & Cidadania<\/strong> apresenta filmes que abordam temas ligados \u00e0 cidadania, buscando despertar no p\u00fablico o esp\u00edrito cr\u00edtico. As sess\u00f5es exibem obras que tratam de fatos hist\u00f3ricos, cultura, cotidiano das cidades e personalidades que marcaram a hist\u00f3ria do Brasil.<\/p>\n\n  <hr>\n\n  <h3>\ud83d\udcc5 Programa\u00e7\u00e3o<\/h3>\n  <ul>\n    <li><strong>29\/09\/2025 \u2013 18h30<\/strong><br>\n      \u2022 Oficina Perdiz (2006) \u2013 Dir. Marcelo D\u00edaz<br>\n      \u2022 Na Corda Bamba (2006) \u2013 Dir. Marcos Buccini\n    <\/li>\n    <li><strong>30\/09\/2025 \u2013 18h30<\/strong><br>\n      \u2022 Leila Para Sempre Diniz (1976)<br>\n      \u2022 Eh Pagu, Eh! (1982)\n    <\/li>\n    <li><strong>01\/10\/2025 \u2013 18h30<\/strong><br>\n      \u2022 Rocinha Brasil 1977 (1977)<br>\n      \u2022 Sete Minutos (2007)\n    <\/li>\n    <li><strong>01\/10\/2025 \u2013 19h30<\/strong><br>\n      \u2022 O Drag\u00e3o da Maldade contra o Santo Guerreiro (1969)\n    <\/li>\n    <li><strong>02\/10\/2025 \u2013 18h30<\/strong><br>\n      \u2022 Couro de Gato (1960)<br>\n      \u2022 Truques, Xaropes e Outros Artigos de Confian\u00e7a (2003)\n    <\/li>\n    <li><strong>03\/10\/2025 \u2013 18h30<\/strong><br>\n      \u2022 Em Nome da Raz\u00e3o (1979)\n    <\/li>\n  <\/ul>\n\n  <p style=\"text-align:center; margin-top:20px;\">\n    <a href=\"https:\/\/cauim.org\/es\/eventos\/categoria\/cine-y-ciudadania\/\" class=\"wp-block-button__link\" style=\"background:#8f00ff; color:#fff; padding:10px 20px; border-radius:6px; text-decoration:none; font-weight:bold;\">\n      Ver todos os eventos de Cinema & Cidadania \u2192\n    <\/a>\n  <\/p>\n\n  <hr style=\"margin:40px 0;\">\n\n  <!-- CINEMA & LITERATURA -->\n  <h2>\ud83d\udcda CINEMA & LITERATURA<\/h2>\n  <p><strong>ACUERDO DE FINANCIACI\u00d3N N.\u00ba 179\/2025<\/strong><br>\n  Processo: SCEC-PRC-2025-00270-DM<br>\n  Demanda: 84757<br>\n  UGE: 120101<br>\n  Emenda Parlamentar N\u00ba 2025.282.67385<\/p>\n\n  <hr>\n\n  <h3>\ud83d\udcd6 Sobre o Projeto<\/h3>\n  <p>O Cinema sempre buscou na Literatura inspira\u00e7\u00e3o para criar filmes de diferentes g\u00eaneros, muitos transformados em sucessos ou cl\u00e1ssicos.  \n  As sess\u00f5es de <strong>Cinema & Literatura<\/strong> exploram essa rela\u00e7\u00e3o entre palavra e imagem, um processo conhecido como transcodifica\u00e7\u00e3o.<\/p>\n\n  <hr>\n\n  <h3>\ud83d\udcc5 Programa\u00e7\u00e3o<\/h3>\n  <ul>\n    <li><strong>29\/09\/2025 \u2013 17h00<\/strong><br>\n      \u2022 A Jo\u00e3o Guimar\u00e3es Rosa (1968)<br>\n      \u2022 Fran\u00e7oise (2001)\n    <\/li>\n    <li><strong>30\/09\/2025 \u2013 17h00<\/strong><br>\n      \u2022 A Mo\u00e7a Que Dan\u00e7ou Depois de Morta (2003)<br>\n      \u2022 Imensidade (2003)\n    <\/li>\n    <li><strong>01\/10\/2025 \u2013 17h00<\/strong><br>\n      \u2022 Biografia do Tempo (2004)<br>\n      \u2022 Transubstancial (2003)\n    <\/li>\n    <li><strong>02\/10\/2025 \u2013 17h00<\/strong><br>\n      \u2022 Invent\u00e1rio da Rapina (1985)\n    <\/li>\n    <li><strong>03\/10\/2025 \u2013 17h00<\/strong><br>\n      \u2022 Eh Pagu, Eh! (1982)<br>\n      \u2022 Meu Nome \u00c9 Paulo Leminski (2004)\n    <\/li>\n  <\/ul>\n\n  <p style=\"text-align:center; margin-top:20px;\">\n    <a href=\"https:\/\/cauim.org\/es\/eventos\/categoria\/cine-y-literatura\/\" class=\"wp-block-button__link\" style=\"background:#8f00ff; color:#fff; padding:10px 20px; border-radius:6px; text-decoration:none; font-weight:bold;\">\n      Ver todos os eventos de Cinema & Literatura \u2192\n    <\/a>\n  <\/p>\n\n  <hr style=\"margin:40px 0;\">\n\n  <!-- RETRATOS DO BRASIL -->\n  <h2>\ud83c\udde7\ud83c\uddf7 RETRATOS DO BRASIL<\/h2>\n  <p><strong>ACUERDO DE FINANCIACI\u00d3N N.\u00ba 177\/2025<\/strong><br>\n  Processo: SCEC-PRC-2025-00035-DM<br>\n  Demanda: 83981<br>\n  UGE: 120101<br>\n  Emenda Parlamentar N\u00ba 2025.257.64130<\/p>\n\n  <hr>\n\n  <h3>\ud83d\udcd6 Sobre o Projeto<\/h3>\n  <p>As sess\u00f5es de <strong>Retratos de Brasil<\/strong> apresentam filmes que funcionam como espelhos do pa\u00eds, revelando contradi\u00e7\u00f5es, hist\u00f3rias e express\u00f5es sociais.<\/p>\n\n  <hr>\n\n  <h3>\ud83d\udcc5 Programa\u00e7\u00e3o<\/h3>\n  <ul>\n    <li><strong>04\/10\/2025 \u2013 14h00<\/strong><br>\n      \u2022 Dizem Que Sou Louco (1994)<br>\n      \u2022 Passageiros da Segunda Classe (2001)\n    <\/li>\n    <li><strong>04\/10\/2025 \u2013 16h00<\/strong><br>\n      \u2022 Risco (2004)<br>\n      \u2022 Stela do Patroc\u00ednio \u2013 A Mulher Que Falava Coisas (2007)\n    <\/li>\n    <li><strong>05\/10\/2025 \u2013 14h00<\/strong><br>\n      \u2022 Dizem Que Sou Louco (1994)<br>\n      \u2022 Passageiros da Segunda Classe (2001)\n    <\/li>\n    <li><strong>05\/10\/2025 \u2013 16h00<\/strong><br>\n      \u2022 Risco (2004)<br>\n      \u2022 Stela do Patroc\u00ednio \u2013 A Mulher Que Falava Coisas (2007)\n    <\/li>\n  <\/ul>\n\n  <p style=\"text-align:center; margin-top:20px;\">\n    <a href=\"https:\/\/cauim.org\/es\/eventos\/categoria\/retratos-de-brasil\/\" class=\"wp-block-button__link\" style=\"background:#8f00ff; color:#fff; padding:10px 20px; border-radius:6px; text-decoration:none; font-weight:bold;\">\n      Ver todos os eventos de Retratos do Brasil \u2192\n    <\/a>\n  <\/p>\n\n  <hr style=\"margin:40px 0;\">\n\n  <!-- ENCONTROS COM A CIDADANIA -->\n  <h2>\ud83e\udd1d ENCONTROS COM A CIDADANIA<\/h2>\n  <p>\ud83c\udf0d\u2728 O Cau\u00edm ter\u00e1 a honra de receber <strong>Miguel Nicolelis<\/strong> no projeto <em>Reuniones con los ciudadanos<\/em>.<\/p>\n  <p>Reconhecido mundialmente como um dos maiores cientistas da atualidade, Nicolelis \u00e9 refer\u00eancia em neuroci\u00eancia, inova\u00e7\u00e3o e conhecido pelo desenvolvimento do exoesqueleto controlado pelo c\u00e9rebro, que permitiu a um jovem parapl\u00e9gico dar o pontap\u00e9 inicial da Copa do Mundo de 2014.<\/p>\n\n  <h3>\ud83d\udcc5 Programa\u00e7\u00e3o<\/h3>\n  <p><strong>22\/10\/2025 \u2013 Cineclube Cauim<\/strong><br>\n  18h \u2013 Sess\u00e3o de aut\u00f3grafos<br>\n  20h \u2013 Bate-papo sobre ci\u00eancia e cidadania<\/p>\n\n  <p style=\"text-align:center; margin-top:20px;\">\n    <a href=\"https:\/\/cauim.org\/es\/eventos\/categoria\/encuentros-con-ciudadanos\/\" class=\"wp-block-button__link\" style=\"background:#8f00ff; color:#fff; padding:10px 20px; border-radius:6px; text-decoration:none; font-weight:bold;\">\n      Ver todos os eventos de Encontros com a Cidadania \u2192\n    <\/a>\n  <\/p>\n\n  <hr style=\"margin:40px 0;\">\n\n  <p style=\"text-align:center; font-size:16px;\">\n    \ud83d\udd0e Para conferir <strong>todos os eventos do Cauim<\/strong>, acesse:<br>\n    <a href=\"https:\/\/cauim.org\/es\/eventos\/\" target=\"_blank\">https:\/\/cauim.org\/eventos\/<\/a>\n  <\/p>\n\n<\/article>\t\t\t\t<\/div>\n\t\t\t\t<\/div>\n\t\t\t\t\t<\/div>\n\t\t<\/div>\n\t\t\t\t\t<\/div>\n\t\t<\/section>\n\t\t\t\t<\/div>","protected":false},"excerpt":{"rendered":"<p>\ud83c\udfac CINEMA &#038; CIDADANIA TERMO DE FOMENTO N\u00ba 180\/2025 Processo: SCEC-PRC-2025-00273-DM Demanda: [&hellip;]<\/p>\n","protected":false},"author":5,"featured_media":9576,"parent":0,"menu_order":0,"comment_status":"closed","ping_status":"closed","template":"","meta":{"_acf_changed":false,"footnotes":""},"class_list":["post-9560","page","type-page","status-publish","has-post-thumbnail","hentry"],"acf":[],"yoast_head":"<!-- This site is optimized with the Yoast SEO plugin v21.4 - https:\/\/yoast.com\/wordpress\/plugins\/seo\/ -->\n<title>Projetos Cauim - Cine Clube Cauim<\/title>\n<meta name=\"robots\" content=\"index, follow, max-snippet:-1, max-image-preview:large, max-video-preview:-1\" \/>\n<link rel=\"canonical\" href=\"https:\/\/cauim.org\/es\/projetos-cauim\/\" \/>\n<meta property=\"og:locale\" content=\"es_ES\" \/>\n<meta property=\"og:type\" content=\"article\" \/>\n<meta property=\"og:title\" content=\"Projetos Cauim - Cine Clube Cauim\" \/>\n<meta property=\"og:description\" content=\"\ud83c\udfac CINEMA &#038; CIDADANIA TERMO DE FOMENTO N\u00ba 180\/2025 Processo: SCEC-PRC-2025-00273-DM Demanda: [&hellip;]\" \/>\n<meta property=\"og:url\" content=\"https:\/\/cauim.org\/es\/projetos-cauim\/\" \/>\n<meta property=\"og:site_name\" content=\"Cine Clube Cauim\" \/>\n<meta property=\"article:modified_time\" content=\"2025-09-26T14:00:47+00:00\" \/>\n<meta property=\"og:image\" content=\"http:\/\/cauim.org\/wp-content\/uploads\/2025\/09\/proejtos-1024x683.png\" \/>\n\t<meta property=\"og:image:width\" content=\"1024\" \/>\n\t<meta property=\"og:image:height\" content=\"683\" \/>\n\t<meta property=\"og:image:type\" content=\"image\/png\" \/>\n<meta name=\"twitter:card\" content=\"summary_large_image\" \/>\n<meta name=\"twitter:label1\" content=\"Est. reading time\" \/>\n\t<meta name=\"twitter:data1\" content=\"4 minutos\" \/>\n<script type=\"application\/ld+json\" class=\"yoast-schema-graph\">{\"@context\":\"https:\/\/schema.org\",\"@graph\":[{\"@type\":\"WebPage\",\"@id\":\"https:\/\/cauim.org\/projetos-cauim\/\",\"url\":\"https:\/\/cauim.org\/projetos-cauim\/\",\"name\":\"Projetos Cauim - Cine Clube Cauim\",\"isPartOf\":{\"@id\":\"https:\/\/cauim.org\/#website\"},\"datePublished\":\"2025-09-26T13:27:55+00:00\",\"dateModified\":\"2025-09-26T14:00:47+00:00\",\"breadcrumb\":{\"@id\":\"https:\/\/cauim.org\/projetos-cauim\/#breadcrumb\"},\"inLanguage\":\"es\",\"potentialAction\":[{\"@type\":\"ReadAction\",\"target\":[\"https:\/\/cauim.org\/projetos-cauim\/\"]}]},{\"@type\":\"BreadcrumbList\",\"@id\":\"https:\/\/cauim.org\/projetos-cauim\/#breadcrumb\",\"itemListElement\":[{\"@type\":\"ListItem\",\"position\":1,\"name\":\"In\u00edcio\",\"item\":\"https:\/\/cauim.org\/\"},{\"@type\":\"ListItem\",\"position\":2,\"name\":\"Projetos Cauim\"}]},{\"@type\":\"WebSite\",\"@id\":\"https:\/\/cauim.org\/#website\",\"url\":\"https:\/\/cauim.org\/\",\"name\":\"Cine Clube Cauim\",\"description\":\"\",\"publisher\":{\"@id\":\"https:\/\/cauim.org\/#organization\"},\"potentialAction\":[{\"@type\":\"SearchAction\",\"target\":{\"@type\":\"EntryPoint\",\"urlTemplate\":\"https:\/\/cauim.org\/?s={search_term_string}\"},\"query-input\":\"required name=search_term_string\"}],\"inLanguage\":\"es\"},{\"@type\":\"Organization\",\"@id\":\"https:\/\/cauim.org\/#organization\",\"name\":\"Cine Clube Cauim\",\"url\":\"https:\/\/cauim.org\/\",\"logo\":{\"@type\":\"ImageObject\",\"inLanguage\":\"es\",\"@id\":\"https:\/\/cauim.org\/#\/schema\/logo\/image\/\",\"url\":\"https:\/\/cauim.org\/wp-content\/uploads\/2023\/06\/cauim-roxo.png\",\"contentUrl\":\"https:\/\/cauim.org\/wp-content\/uploads\/2023\/06\/cauim-roxo.png\",\"width\":596,\"height\":161,\"caption\":\"Cine Clube Cauim\"},\"image\":{\"@id\":\"https:\/\/cauim.org\/#\/schema\/logo\/image\/\"},\"sameAs\":[\"https:\/\/www.instagram.com\/cauimoficial\/\"]}]}<\/script>\n<!-- \/ Yoast SEO plugin. -->","yoast_head_json":{"title":"Projetos Cauim - Cine Clube Cauim","robots":{"index":"index","follow":"follow","max-snippet":"max-snippet:-1","max-image-preview":"max-image-preview:large","max-video-preview":"max-video-preview:-1"},"canonical":"https:\/\/cauim.org\/es\/projetos-cauim\/","og_locale":"es_ES","og_type":"article","og_title":"Projetos Cauim - Cine Clube Cauim","og_description":"\ud83c\udfac CINEMA &#038; CIDADANIA TERMO DE FOMENTO N\u00ba 180\/2025 Processo: SCEC-PRC-2025-00273-DM Demanda: [&hellip;]","og_url":"https:\/\/cauim.org\/es\/projetos-cauim\/","og_site_name":"Cine Clube Cauim","article_modified_time":"2025-09-26T14:00:47+00:00","og_image":[{"width":1024,"height":683,"url":"http:\/\/cauim.org\/wp-content\/uploads\/2025\/09\/proejtos-1024x683.png","type":"image\/png"}],"twitter_card":"summary_large_image","twitter_misc":{"Est. reading time":"4 minutos"},"schema":{"@context":"https:\/\/schema.org","@graph":[{"@type":"WebPage","@id":"https:\/\/cauim.org\/projetos-cauim\/","url":"https:\/\/cauim.org\/projetos-cauim\/","name":"Projetos Cauim - Cine Clube Cauim","isPartOf":{"@id":"https:\/\/cauim.org\/#website"},"datePublished":"2025-09-26T13:27:55+00:00","dateModified":"2025-09-26T14:00:47+00:00","breadcrumb":{"@id":"https:\/\/cauim.org\/projetos-cauim\/#breadcrumb"},"inLanguage":"es","potentialAction":[{"@type":"ReadAction","target":["https:\/\/cauim.org\/projetos-cauim\/"]}]},{"@type":"BreadcrumbList","@id":"https:\/\/cauim.org\/projetos-cauim\/#breadcrumb","itemListElement":[{"@type":"ListItem","position":1,"name":"In\u00edcio","item":"https:\/\/cauim.org\/"},{"@type":"ListItem","position":2,"name":"Projetos Cauim"}]},{"@type":"WebSite","@id":"https:\/\/cauim.org\/#website","url":"https:\/\/cauim.org\/","name":"Club de cine de Cauim","description":"","publisher":{"@id":"https:\/\/cauim.org\/#organization"},"potentialAction":[{"@type":"SearchAction","target":{"@type":"EntryPoint","urlTemplate":"https:\/\/cauim.org\/?s={search_term_string}"},"query-input":"required name=search_term_string"}],"inLanguage":"es"},{"@type":"Organization","@id":"https:\/\/cauim.org\/#organization","name":"Club de cine de Cauim","url":"https:\/\/cauim.org\/","logo":{"@type":"ImageObject","inLanguage":"es","@id":"https:\/\/cauim.org\/#\/schema\/logo\/image\/","url":"https:\/\/cauim.org\/wp-content\/uploads\/2023\/06\/cauim-roxo.png","contentUrl":"https:\/\/cauim.org\/wp-content\/uploads\/2023\/06\/cauim-roxo.png","width":596,"height":161,"caption":"Cine Clube Cauim"},"image":{"@id":"https:\/\/cauim.org\/#\/schema\/logo\/image\/"},"sameAs":["https:\/\/www.instagram.com\/cauimoficial\/"]}]}},"_links":{"self":[{"href":"https:\/\/cauim.org\/es\/wp-json\/wp\/v2\/pages\/9560","targetHints":{"allow":["GET"]}}],"collection":[{"href":"https:\/\/cauim.org\/es\/wp-json\/wp\/v2\/pages"}],"about":[{"href":"https:\/\/cauim.org\/es\/wp-json\/wp\/v2\/types\/page"}],"author":[{"embeddable":true,"href":"https:\/\/cauim.org\/es\/wp-json\/wp\/v2\/users\/5"}],"replies":[{"embeddable":true,"href":"https:\/\/cauim.org\/es\/wp-json\/wp\/v2\/comments?post=9560"}],"version-history":[{"count":13,"href":"https:\/\/cauim.org\/es\/wp-json\/wp\/v2\/pages\/9560\/revisions"}],"predecessor-version":[{"id":9579,"href":"https:\/\/cauim.org\/es\/wp-json\/wp\/v2\/pages\/9560\/revisions\/9579"}],"wp:featuredmedia":[{"embeddable":true,"href":"https:\/\/cauim.org\/es\/wp-json\/wp\/v2\/media\/9576"}],"wp:attachment":[{"href":"https:\/\/cauim.org\/es\/wp-json\/wp\/v2\/media?parent=9560"}],"curies":[{"name":"wp","href":"https:\/\/api.w.org\/{rel}","templated":true}]}}